{"id":4326,"date":"2021-08-25T08:59:32","date_gmt":"2021-08-25T08:59:32","guid":{"rendered":"http:\/\/reklame-auktion.de\/?page_id=4326"},"modified":"2021-10-29T10:55:41","modified_gmt":"2021-10-29T10:55:41","slug":"terms","status":"publish","type":"page","link":"https:\/\/reklame-auktion.de\/en\/terms\/","title":{"rendered":"terms"},"content":{"rendered":"<p>[et_pb_section fb_built=&#8221;1&#8243; custom_padding_last_edited=&#8221;on|tablet&#8221; admin_label=&#8221;Packages&#8221; _builder_version=&#8221;4.10.6&#8243; background_enable_color=&#8221;off&#8221; custom_padding=&#8221;110px||110px|&#8221; custom_padding_tablet=&#8221;0px||0px|&#8221; custom_padding_phone=&#8221;&#8221; global_colors_info=&#8221;{}&#8221;][et_pb_row custom_padding_last_edited=&#8221;on|phone&#8221; admin_label=&#8221;Packages Title&#8221; _builder_version=&#8221;4.10.6&#8243; background_enable_color=&#8221;off&#8221; background_enable_image=&#8221;off&#8221; custom_padding=&#8221;30px|0px|120px|0px&#8221; custom_padding_tablet=&#8221;60px||0px|&#8221; custom_padding_phone=&#8221;&#8221; locked=&#8221;off&#8221; global_colors_info=&#8221;{}&#8221;][et_pb_column type=&#8221;4_4&#8243; _builder_version=&#8221;3.25&#8243; custom_padding=&#8221;|||&#8221; global_colors_info=&#8221;{}&#8221; custom_padding__hover=&#8221;|||&#8221;][et_pb_text _builder_version=&#8221;4.10.6&#8243; text_font=&#8221;||||&#8221; text_text_color=&#8221;#1a1a1a&#8221; header_font=&#8221;Oswald|on||on|&#8221; header_text_align=&#8221;center&#8221; header_text_color=&#8221;#000000&#8243; header_font_size=&#8221;60px&#8221; header_line_height=&#8221;1.3em&#8221; header_3_text_align=&#8221;center&#8221; header_3_text_color=&#8221;#000000&#8243; module_alignment=&#8221;center&#8221; custom_margin=&#8221;|||&#8221; custom_padding=&#8221;|||&#8221; animation_style=&#8221;slide&#8221; animation_direction=&#8221;top&#8221; animation_intensity_slide=&#8221;10%&#8221; hover_enabled=&#8221;0&#8243; locked=&#8221;off&#8221; global_colors_info=&#8221;{}&#8221; sticky_enabled=&#8221;0&#8243;]<\/p>\n<h1>Terms &amp; Conditions<\/h1>\n<p>[\/et_pb_text][et_pb_divider color=&#8221;#ed4441&#8243; divider_position=&#8221;center&#8221; divider_weight=&#8221;3px&#8221; disabled_on=&#8221;off|off|off&#8221; _builder_version=&#8221;3.2&#8243; max_width=&#8221;150px&#8221; module_alignment=&#8221;center&#8221; height=&#8221;false&#8221; custom_margin=&#8221;30px|||&#8221; animation_style=&#8221;slide&#8221; animation_direction=&#8221;top&#8221; animation_delay=&#8221;100ms&#8221; animation_intensity_slide=&#8221;10%&#8221; locked=&#8221;off&#8221; global_colors_info=&#8221;{}&#8221;][\/et_pb_divider][\/et_pb_column][\/et_pb_row][et_pb_row admin_label=&#8221;Package&#8221; _builder_version=&#8221;4.10.6&#8243; background_size=&#8221;initial&#8221; background_position=&#8221;top_left&#8221; background_repeat=&#8221;repeat&#8221; global_colors_info=&#8221;{}&#8221;][et_pb_column type=&#8221;4_4&#8243; _builder_version=&#8221;3.25&#8243; custom_padding=&#8221;|||&#8221; global_colors_info=&#8221;{}&#8221; custom_padding__hover=&#8221;|||&#8221;][et_pb_text _builder_version=&#8221;4.10.6&#8243; _module_preset=&#8221;default&#8221; text_text_color=&#8221;#2b2b2b&#8221; global_colors_info=&#8221;{}&#8221;]<\/p>\n<p>AGB<\/p>\n<p><strong>Widerrufsbelehrung f\u00fcr den Verbraucher<\/strong><\/p>\n<p><strong>I Widerrufsrecht<\/strong><\/p>\n<p>Ist der Kunde Verbraucher, kann er seine Vertragserkl\u00e4rung innerhalb eines Monats ohne Angaben von Gr\u00fcnden in Textform (z. B. Brief, Telefax, e-Mail) oder durch R\u00fccksendung der Ware widerrufen.<\/p>\n<p>Die Frist beginnt am Tag nachdem die Ware beim Kunden eingegangen ist und der Kunde diese Widerrufsbelehrung erhalten hat.<\/p>\n<p>Zur Wahrung der Frist gen\u00fcgt die rechtzeitige Absendung des Widerrufs oder der Ware.<\/p>\n<p>Widerruf bzw. Warenr\u00fccksendung sind zu richten an:<\/p>\n<p><strong>Historische Werbeobjekte<br \/>Marc Trapp<br \/>Eulenburgstra\u00dfe 13<br \/>67547 Worms<br \/>Deutschland<\/strong><\/p>\n<p>&nbsp;<\/p>\n<p><strong>Fax: (0 62 41) 911 776<\/strong><\/p>\n<p>Das Widerrufsrecht gilt dagegen nicht in den vom Gesetz geregelten Ausnahmef\u00e4llen, insbesondere<br \/>bei Vertr\u00e4gen \u00fcber Lieferung von Waren, die nach Kundenspezifikation angefertigt werden oder<br \/>bei Waren, die eindeutig auf die pers\u00f6nlichen Bed\u00fcrfnisse des Kunden zugeschnitten sind oder<br \/>bei Waren, die aufgrund ihrer Beschaffenheit nicht f\u00fcr eine R\u00fccksendung geeignet sind oder<\/p>\n<p><strong>II Widerrufsfolgen<\/strong><\/p>\n<p>Im Falle eines wirksamen Widerrufs sind die bereits empfangenen Leistungen zur\u00fcckzugew\u00e4hren und ggf. gezogene Nutzungen (z.B. Zinsen) herauszugeben. Kann der Kunde die empfangene Leistung ganz oder teilweise nicht oder nur in verschlechtertem Zustand zur\u00fcckgew\u00e4hren, hat er insoweit ggf. Wertersatz zu leisten.\u00a0 Bei der \u00dcberlassung von Waren gilt dies nicht, wenn<\/p>\n<p>die Verschlechterung (oder der Untergang) der Ware ausschlie\u00dflich auf deren Pr\u00fcfung \u2013 wie sie etwa im Ladengesch\u00e4ft m\u00f6glich gewesen w\u00e4re \u2013 zur\u00fcckzuf\u00fchren ist oder<\/p>\n<p>die Verschlechterung der Ware durch die bestimmungsgem\u00e4\u00dfe Ingebrauchnahme entstanden ist.<\/p>\n<p>Paketversandf\u00e4hige Sachen sind zur\u00fcckzusenden wobei der Verk\u00e4ufer insoweit das Versandrisiko tr\u00e4gt. Der Kunde hat die Kosten der R\u00fccksendung zu tragen, wenn die gelieferte Ware der bestellten entspricht und wenn der Preis der zur\u00fcckzusendenden Sache einen Betrag von EUR 40,00 nicht \u00fcbersteigt oder wenn der Kunde bei einem h\u00f6heren Preis der Sache zum Zeitpunkt des Widerrufs noch nicht die Gegenleistung oder eine vertraglich vereinbarte Teilzahlung erbracht hat. Andernfalls ist die R\u00fccksendung f\u00fcr den Kunden kostenfrei. Nicht paketversandf\u00e4hige Sachen werden beim Kunden abgeholt.<\/p>\n<p><a href=\"https:\/\/reklame-auktion.de\/wp-content\/uploads\/2021\/10\/Versteigerungsauftrag.pdf\" rel=\"attachment wp-att-6259\">Versteigerungsauftrag<\/a><\/p>\n<p><a href=\"https:\/\/reklame-auktion.de\/wp-content\/uploads\/2021\/10\/Vversteigerungsbedingungen.pdf\" rel=\"attachment wp-att-6262\">Versteigerungsbedingungen<\/a><\/p>\n<p>[\/et_pb_text][\/et_pb_column][\/et_pb_row][\/et_pb_section]<\/p>\n","protected":false},"excerpt":{"rendered":"<p>Terms &amp; ConditionsAGB Widerrufsbelehrung f\u00fcr den Verbraucher I Widerrufsrecht Ist der Kunde Verbraucher, kann er seine Vertragserkl\u00e4rung innerhalb eines Monats ohne Angaben von Gr\u00fcnden in Textform (z. B. Brief, Telefax, e-Mail) oder durch R\u00fccksendung der Ware widerrufen. Die Frist beginnt am Tag nachdem die Ware beim Kunden eingegangen ist und der Kunde diese Widerrufsbelehrung erhalten [&hellip;]<\/p>\n","protected":false},"author":4,"featured_media":8651,"parent":0,"menu_order":0,"comment_status":"closed","ping_status":"closed","template":"","meta":{"_et_pb_use_builder":"on","_et_pb_old_content":"","_et_gb_content_width":""},"acf":[],"_links":{"self":[{"href":"https:\/\/reklame-auktion.de\/en\/wp-json\/wp\/v2\/pages\/4326"}],"collection":[{"href":"https:\/\/reklame-auktion.de\/en\/wp-json\/wp\/v2\/pages"}],"about":[{"href":"https:\/\/reklame-auktion.de\/en\/wp-json\/wp\/v2\/types\/page"}],"author":[{"embeddable":true,"href":"https:\/\/reklame-auktion.de\/en\/wp-json\/wp\/v2\/users\/4"}],"replies":[{"embeddable":true,"href":"https:\/\/reklame-auktion.de\/en\/wp-json\/wp\/v2\/comments?post=4326"}],"version-history":[{"count":15,"href":"https:\/\/reklame-auktion.de\/en\/wp-json\/wp\/v2\/pages\/4326\/revisions"}],"predecessor-version":[{"id":7243,"href":"https:\/\/reklame-auktion.de\/en\/wp-json\/wp\/v2\/pages\/4326\/revisions\/7243"}],"wp:featuredmedia":[{"embeddable":true,"href":"https:\/\/reklame-auktion.de\/en\/wp-json\/wp\/v2\/media\/8651"}],"wp:attachment":[{"href":"https:\/\/reklame-auktion.de\/en\/wp-json\/wp\/v2\/media?parent=4326"}],"curies":[{"name":"wp","href":"https:\/\/api.w.org\/{rel}","templated":true}]}}